{"id":14419,"date":"2025-11-14T13:10:49","date_gmt":"2025-11-14T12:10:49","guid":{"rendered":"https:\/\/tomoor.be\/product\/dattes-mabroum-500-g\/"},"modified":"2025-11-30T23:01:18","modified_gmt":"2025-11-30T22:01:18","slug":"dattes-mabroum-500-g","status":"publish","type":"product","link":"https:\/\/tomoor.be\/fr\/produit\/dattes-mabroum-500-g\/","title":{"rendered":"Dattes Mabroum 500 g"},"content":{"rendered":"<p>\u00c0 la recherche d\u2019une datte qui combine \u00e9l\u00e9gance et saveur ? Mabroum est exactement cela.<br \/>\nOriginaire de M\u00e9dine &amp; Yanbu et appr\u00e9ci\u00e9e dans toute l\u2019Arabie Saoudite, cette vari\u00e9t\u00e9 offre une combinaison unique de :<\/p>\n<ul>\n<li>Forme longue et ferme<\/li>\n<li>Aspect brillant et premium<\/li>\n<li>Saveur parfaitement \u00e9quilibr\u00e9e<\/li>\n<\/ul>\n<p>Les notes l\u00e9g\u00e8res de caramel et de raisin apportent une douceur douce et raffin\u00e9e, jamais trop lourde.<br \/>\nGr\u00e2ce \u00e0 sa texture moins collante, la Mabroum est id\u00e9ale pour une consommation quotidienne, les moments caf\u00e9, l\u2019hospitalit\u00e9 et les cadeaux premium.<\/p>\n<p><strong>Pourquoi ce produit se vend bien :<\/strong><\/p>\n<ul>\n<li>Un look luxueux qui se remarque imm\u00e9diatement<\/li>\n<li>Une saveur douce que tout le monde appr\u00e9cie<\/li>\n<li>Parfait comme cadeau ou pour des occasions sp\u00e9ciales<\/li>\n<li>Excellent avec du caf\u00e9, du th\u00e9 ou des desserts<\/li>\n<\/ul>\n","protected":false},"excerpt":{"rendered":"<p>D\u00e9couvrez Mabroum \u2014 la datte premium \u00e9l\u00e9gante et allong\u00e9e de M\u00e9dine &amp; Yanbu.<br \/>\nProfitez de sa texture ferme et brillante et de sa saveur parfaitement \u00e9quilibr\u00e9e aux notes de caramel et de raisin.<br \/>\nId\u00e9ale pour ceux qui recherchent le raffinement et une bouch\u00e9e luxueuse, moins collante.<\/p>\n","protected":false},"featured_media":14210,"template":"","meta":{"_acf_changed":false,"_seopress_robots_primary_cat":"none","_seopress_titles_title":"%%post_title%% %%sep%% Dattes Saoudiennes Sucr\u00e9es %%sep%% %%sitetitle%%","_seopress_titles_desc":"","_seopress_robots_index":"","site-sidebar-layout":"default","site-content-layout":"","ast-site-content-layout":"default","site-content-style":"default","site-sidebar-style":"default","ast-global-header-display":"","ast-banner-title-visibility":"","ast-main-header-display":"","ast-hfb-above-header-display":"","ast-hfb-below-header-display":"","ast-hfb-mobile-header-display":"","site-post-title":"","ast-breadcrumbs-content":"","ast-featured-img":"","footer-sml-layout":"","ast-disable-related-posts":"","theme-transparent-header-meta":"default","adv-header-id-meta":"","stick-header-meta":"default","header-above-stick-meta":"","header-main-stick-meta":"","header-below-stick-meta":"","astra-migrate-meta-layouts":"set","ast-page-background-enabled":"default","ast-page-background-meta":{"desktop":{"background-color":"var(--ast-global-color-4)","background-image":"","background-repeat":"repeat","background-position":"center center","background-size":"auto","background-attachment":"scroll","background-type":"","background-media":"","overlay-type":"","overlay-color":"","overlay-opacity":"","overlay-gradient":""},"tablet":{"background-color":"","background-image":"","background-repeat":"repeat","background-position":"center center","background-size":"auto","background-attachment":"scroll","background-type":"","background-media":"","overlay-type":"","overlay-color":"","overlay-opacity":"","overlay-gradient":""},"mobile":{"background-color":"","background-image":"","background-repeat":"repeat","background-position":"center center","background-size":"auto","background-attachment":"scroll","background-type":"","background-media":"","overlay-type":"","overlay-color":"","overlay-opacity":"","overlay-gradient":""}},"ast-content-background-meta":{"desktop":{"background-color":"var(--ast-global-color-5)","background-image":"","background-repeat":"repeat","background-position":"center center","background-size":"auto","background-attachment":"scroll","background-type":"","background-media":"","overlay-type":"","overlay-color":"","overlay-opacity":"","overlay-gradient":""},"tablet":{"background-color":"var(--ast-global-color-5)","background-image":"","background-repeat":"repeat","background-position":"center center","background-size":"auto","background-attachment":"scroll","background-type":"","background-media":"","overlay-type":"","overlay-color":"","overlay-opacity":"","overlay-gradient":""},"mobile":{"background-color":"var(--ast-global-color-5)","background-image":"","background-repeat":"repeat","background-position":"center center","background-size":"auto","background-attachment":"scroll","background-type":"","background-media":"","overlay-type":"","overlay-color":"","overlay-opacity":"","overlay-gradient":""}}},"product_brand":[],"product_cat":[42],"product_tag":[],"class_list":{"0":"post-14419","1":"product","2":"type-product","3":"status-publish","4":"has-post-thumbnail","6":"product_cat-dattes-premium","7":"desktop-align-left","8":"tablet-align-left","9":"mobile-align-left","10":"ast-product-gallery-layout-horizontal-slider","11":"ast-product-tabs-layout-horizontal","12":"ast-qv-on-image","14":"first","15":"outofstock","16":"taxable","17":"shipping-taxable","18":"purchasable","19":"product-type-simple"},"acf":[],"_links":{"self":[{"href":"https:\/\/tomoor.be\/fr\/wp-json\/wp\/v2\/product\/14419","targetHints":{"allow":["GET"]}}],"collection":[{"href":"https:\/\/tomoor.be\/fr\/wp-json\/wp\/v2\/product"}],"about":[{"href":"https:\/\/tomoor.be\/fr\/wp-json\/wp\/v2\/types\/product"}],"version-history":[{"count":1,"href":"https:\/\/tomoor.be\/fr\/wp-json\/wp\/v2\/product\/14419\/revisions"}],"predecessor-version":[{"id":14422,"href":"https:\/\/tomoor.be\/fr\/wp-json\/wp\/v2\/product\/14419\/revisions\/14422"}],"wp:featuredmedia":[{"embeddable":true,"href":"https:\/\/tomoor.be\/fr\/wp-json\/wp\/v2\/media\/14210"}],"wp:attachment":[{"href":"https:\/\/tomoor.be\/fr\/wp-json\/wp\/v2\/media?parent=14419"}],"wp:term":[{"taxonomy":"product_brand","embeddable":true,"href":"https:\/\/tomoor.be\/fr\/wp-json\/wp\/v2\/product_brand?post=14419"},{"taxonomy":"product_cat","embeddable":true,"href":"https:\/\/tomoor.be\/fr\/wp-json\/wp\/v2\/product_cat?post=14419"},{"taxonomy":"product_tag","embeddable":true,"href":"https:\/\/tomoor.be\/fr\/wp-json\/wp\/v2\/product_tag?post=14419"}],"curies":[{"name":"wp","href":"https:\/\/api.w.org\/{rel}","templated":true}]}}