{"id":14379,"date":"2025-11-11T13:44:23","date_gmt":"2025-11-11T12:44:23","guid":{"rendered":"https:\/\/tomoor.be\/product\/dattes-sukkari-500-g\/"},"modified":"2025-11-27T22:38:37","modified_gmt":"2025-11-27T21:38:37","slug":"dattes-sukkari-500-g","status":"publish","type":"product","link":"https:\/\/tomoor.be\/fr\/produit\/dattes-sukkari-500-g\/","title":{"rendered":"Dattes Sukkari 500 g"},"content":{"rendered":"<p>D\u00e9couvrez Sukkari Mfattal, la datte douce et dor\u00e9e originaire de Qassim, en Arabie saoudite, r\u00e9put\u00e9e pour sa texture l\u00e9g\u00e8re et son sucre naturellement pur.<\/p>\n<p>La texture est exceptionnellement douce, l\u00e9g\u00e8re et cr\u00e9meuse, ce qui fait que chaque bouch\u00e9e fond litt\u00e9ralement sur la langue. Attendez-vous \u00e0 un profil aromatique qui s\u00e9duit imm\u00e9diatement : douceur miell\u00e9e, notes subtiles de caramel et une finition fra\u00eeche et nette.<\/p>\n<p>Cette vari\u00e9t\u00e9 est appr\u00e9ci\u00e9e dans toute la r\u00e9gion du Golfe et est souvent choisie pour son \u00e9quilibre parfait entre douceur, l\u00e9g\u00e8re s\u00e9cheresse et saveur d\u00e9licieusement sucr\u00e9e \u2014 id\u00e9ale pour une consommation quotidienne, un moment caf\u00e9 ou un boost d\u2019\u00e9nergie naturel.<\/p>\n<p><strong>Pourquoi les clients choisissent la Sukkari Mfattal<\/strong><\/p>\n<ul>\n<li>Naturellement douce et l\u00e9g\u00e8re \u2014 une d\u00e9licieuse collation quotidienne<\/li>\n<li>Dor\u00e9e et intens\u00e9ment sucr\u00e9e comme le miel<\/li>\n<li>Riche en antioxydants, en fer et en \u00e9nergie naturelle<\/li>\n<li>Sucr\u00e9 \u00e0 100 % naturellement \u2014 sans sucres ajout\u00e9s<\/li>\n<li>La Sukkari Mfattal est la datte du confort : douce, pure et irr\u00e9sistible.<\/li>\n<\/ul>\n","protected":false},"excerpt":{"rendered":"<p>Profitez des c\u00e9l\u00e8bres dattes Sukkari (500 g) : douces, miell\u00e9es et \u00e0 la texture beurr\u00e9e. Ces dattes dor\u00e9es d\u2019Arabie saoudite sont une v\u00e9ritable d\u00e9licatesse pour les amateurs de sucre pur et naturel.<\/p>\n","protected":false},"featured_media":14197,"template":"","meta":{"_acf_changed":false,"_seopress_robots_primary_cat":"none","_seopress_titles_title":"","_seopress_titles_desc":"","_seopress_robots_index":"","site-sidebar-layout":"default","site-content-layout":"","ast-site-content-layout":"default","site-content-style":"default","site-sidebar-style":"default","ast-global-header-display":"","ast-banner-title-visibility":"","ast-main-header-display":"","ast-hfb-above-header-display":"","ast-hfb-below-header-display":"","ast-hfb-mobile-header-display":"","site-post-title":"","ast-breadcrumbs-content":"","ast-featured-img":"","footer-sml-layout":"","ast-disable-related-posts":"","theme-transparent-header-meta":"default","adv-header-id-meta":"","stick-header-meta":"default","header-above-stick-meta":"","header-main-stick-meta":"","header-below-stick-meta":"","astra-migrate-meta-layouts":"set","ast-page-background-enabled":"default","ast-page-background-meta":{"desktop":{"background-color":"var(--ast-global-color-4)","background-image":"","background-repeat":"repeat","background-position":"center center","background-size":"auto","background-attachment":"scroll","background-type":"","background-media":"","overlay-type":"","overlay-color":"","overlay-opacity":"","overlay-gradient":""},"tablet":{"background-color":"","background-image":"","background-repeat":"repeat","background-position":"center center","background-size":"auto","background-attachment":"scroll","background-type":"","background-media":"","overlay-type":"","overlay-color":"","overlay-opacity":"","overlay-gradient":""},"mobile":{"background-color":"","background-image":"","background-repeat":"repeat","background-position":"center center","background-size":"auto","background-attachment":"scroll","background-type":"","background-media":"","overlay-type":"","overlay-color":"","overlay-opacity":"","overlay-gradient":""}},"ast-content-background-meta":{"desktop":{"background-color":"var(--ast-global-color-5)","background-image":"","background-repeat":"repeat","background-position":"center center","background-size":"auto","background-attachment":"scroll","background-type":"","background-media":"","overlay-type":"","overlay-color":"","overlay-opacity":"","overlay-gradient":""},"tablet":{"background-color":"var(--ast-global-color-5)","background-image":"","background-repeat":"repeat","background-position":"center center","background-size":"auto","background-attachment":"scroll","background-type":"","background-media":"","overlay-type":"","overlay-color":"","overlay-opacity":"","overlay-gradient":""},"mobile":{"background-color":"var(--ast-global-color-5)","background-image":"","background-repeat":"repeat","background-position":"center center","background-size":"auto","background-attachment":"scroll","background-type":"","background-media":"","overlay-type":"","overlay-color":"","overlay-opacity":"","overlay-gradient":""}}},"product_brand":[],"product_cat":[42],"product_tag":[],"class_list":{"0":"post-14379","1":"product","2":"type-product","3":"status-publish","4":"has-post-thumbnail","6":"product_cat-dattes-premium","7":"desktop-align-left","8":"tablet-align-left","9":"mobile-align-left","10":"ast-product-gallery-layout-horizontal-slider","11":"ast-product-tabs-layout-horizontal","12":"ast-qv-on-image","14":"first","15":"instock","16":"taxable","17":"shipping-taxable","18":"purchasable","19":"product-type-simple"},"acf":[],"_links":{"self":[{"href":"https:\/\/tomoor.be\/fr\/wp-json\/wp\/v2\/product\/14379","targetHints":{"allow":["GET"]}}],"collection":[{"href":"https:\/\/tomoor.be\/fr\/wp-json\/wp\/v2\/product"}],"about":[{"href":"https:\/\/tomoor.be\/fr\/wp-json\/wp\/v2\/types\/product"}],"version-history":[{"count":1,"href":"https:\/\/tomoor.be\/fr\/wp-json\/wp\/v2\/product\/14379\/revisions"}],"predecessor-version":[{"id":14380,"href":"https:\/\/tomoor.be\/fr\/wp-json\/wp\/v2\/product\/14379\/revisions\/14380"}],"wp:featuredmedia":[{"embeddable":true,"href":"https:\/\/tomoor.be\/fr\/wp-json\/wp\/v2\/media\/14197"}],"wp:attachment":[{"href":"https:\/\/tomoor.be\/fr\/wp-json\/wp\/v2\/media?parent=14379"}],"wp:term":[{"taxonomy":"product_brand","embeddable":true,"href":"https:\/\/tomoor.be\/fr\/wp-json\/wp\/v2\/product_brand?post=14379"},{"taxonomy":"product_cat","embeddable":true,"href":"https:\/\/tomoor.be\/fr\/wp-json\/wp\/v2\/product_cat?post=14379"},{"taxonomy":"product_tag","embeddable":true,"href":"https:\/\/tomoor.be\/fr\/wp-json\/wp\/v2\/product_tag?post=14379"}],"curies":[{"name":"wp","href":"https:\/\/api.w.org\/{rel}","templated":true}]}}