{"id":1267,"date":"2022-01-16T05:57:01","date_gmt":"2022-01-16T04:57:01","guid":{"rendered":"http:\/\/hansd87.sg-host.com\/?post_type=product&#038;p=1267"},"modified":"2026-04-03T03:17:56","modified_gmt":"2026-04-03T01:17:56","slug":"dattes-medjool-800gr-size-m","status":"publish","type":"product","link":"https:\/\/tomoor.be\/fr\/produit\/dattes-medjool-800gr-size-m\/","title":{"rendered":"Dattes Medjool 800 g (size M)"},"content":{"rendered":"<h3>Histoire<\/h3>\n<p>La datte Medjoul \u00e9galement connue sous le nom de Medjool, ou Majhool, est une grande vari\u00e9t\u00e9 de datte douce (Phoenix dactylifera) de la r\u00e9gion de Tafilalt au Maroc.\u00a0Les dattes Medjool sont produites dans des pays tels que les \u00c9tats-Unis, Isra\u00ebl, l&rsquo;Arabie saoudite, l&rsquo;Afrique du Sud, la Jordanie, la Palestine et le Mexique\u00a0La vari\u00e9t\u00e9 est plant\u00e9e \u00e0 la fois pour la r\u00e9colte et pour le paysage.\u00a0Le Medjool est une vari\u00e9t\u00e9 unique et distincte, d\u00e9crite comme \u00ab\u00a0gros fruit mou, \u00e0 chair jaune orang\u00e9 et au go\u00fbt riche et agr\u00e9able\u00a0\u00bb.\u00a0\u00a0L&rsquo;introduction de la datte Medjool dans le monde occidental est survenue lorsqu&rsquo;une maladie a presque an\u00e9anti les palmiers dattiers dans les oasis du sud du Maroc, et pour sauver le d\u00e9licieux fruit de l&rsquo;extinction, onze palmiers dattiers ont \u00e9t\u00e9 envoy\u00e9s aux \u00c9tats-Unis dans les ann\u00e9es 1920. Neuf des onze palmiers ont surv\u00e9cu et sont maintenant responsables des millions de dattes Medjool trouv\u00e9es dans toute la Californie et dans de nombreuses r\u00e9gions de l&rsquo;Arizona et du monde.<\/p>\n","protected":false},"excerpt":{"rendered":"<ul>\n<li>Production 2023<\/li>\n<li>des dattes Medjool de qualit\u00e9 sup\u00e9rieure<\/li>\n<li>Produit et emball\u00e9 en Palestine<\/li>\n<li>Produit de mani\u00e8re responsable et durable<\/li>\n<li>100% naturel et sans aucun additif<\/li>\n<li>Riche en fibres et min\u00e9raux<\/li>\n<li>Texture douce avec un go\u00fbt sucr\u00e9 de miel<\/li>\n<\/ul>\n<div id=\"ConnectiveDocSignExtentionInstalled\" data-extension-version=\"1.0.4\"><\/div>\n","protected":false},"featured_media":14478,"template":"","meta":{"_acf_changed":false,"_seopress_robots_primary_cat":"none","_seopress_titles_title":"","_seopress_titles_desc":"","_seopress_robots_index":"","site-sidebar-layout":"default","site-content-layout":"default","ast-site-content-layout":"default","site-content-style":"default","site-sidebar-style":"default","ast-global-header-display":"","ast-banner-title-visibility":"","ast-main-header-display":"","ast-hfb-above-header-display":"","ast-hfb-below-header-display":"","ast-hfb-mobile-header-display":"","site-post-title":"","ast-breadcrumbs-content":"","ast-featured-img":"","footer-sml-layout":"","ast-disable-related-posts":"","theme-transparent-header-meta":"default","adv-header-id-meta":"","stick-header-meta":"default","header-above-stick-meta":"","header-main-stick-meta":"","header-below-stick-meta":"","astra-migrate-meta-layouts":"set","ast-page-background-enabled":"default","ast-page-background-meta":{"desktop":{"background-color":"var(--ast-global-color-4)","background-image":"","background-repeat":"repeat","background-position":"center center","background-size":"auto","background-attachment":"scroll","background-type":"","background-media":"","overlay-type":"","overlay-color":"","overlay-opacity":"","overlay-gradient":""},"tablet":{"background-color":"","background-image":"","background-repeat":"repeat","background-position":"center center","background-size":"auto","background-attachment":"scroll","background-type":"","background-media":"","overlay-type":"","overlay-color":"","overlay-opacity":"","overlay-gradient":""},"mobile":{"background-color":"","background-image":"","background-repeat":"repeat","background-position":"center center","background-size":"auto","background-attachment":"scroll","background-type":"","background-media":"","overlay-type":"","overlay-color":"","overlay-opacity":"","overlay-gradient":""}},"ast-content-background-meta":{"desktop":{"background-color":"var(--ast-global-color-5)","background-image":"","background-repeat":"repeat","background-position":"center center","background-size":"auto","background-attachment":"scroll","background-type":"","background-media":"","overlay-type":"","overlay-color":"","overlay-opacity":"","overlay-gradient":""},"tablet":{"background-color":"var(--ast-global-color-5)","background-image":"","background-repeat":"repeat","background-position":"center center","background-size":"auto","background-attachment":"scroll","background-type":"","background-media":"","overlay-type":"","overlay-color":"","overlay-opacity":"","overlay-gradient":""},"mobile":{"background-color":"var(--ast-global-color-5)","background-image":"","background-repeat":"repeat","background-position":"center center","background-size":"auto","background-attachment":"scroll","background-type":"","background-media":"","overlay-type":"","overlay-color":"","overlay-opacity":"","overlay-gradient":""}}},"product_brand":[],"product_cat":[42,108],"product_tag":[],"class_list":{"0":"post-1267","1":"product","2":"type-product","3":"status-publish","4":"has-post-thumbnail","6":"product_cat-dattes-premium","7":"product_cat-dattes-medjoul-palestiniennes","8":"desktop-align-left","9":"tablet-align-left","10":"mobile-align-left","11":"ast-product-gallery-layout-horizontal-slider","12":"ast-product-tabs-layout-horizontal","13":"ast-qv-on-image","15":"first","16":"instock","17":"taxable","18":"shipping-taxable","19":"purchasable","20":"product-type-simple"},"acf":[],"_links":{"self":[{"href":"https:\/\/tomoor.be\/fr\/wp-json\/wp\/v2\/product\/1267","targetHints":{"allow":["GET"]}}],"collection":[{"href":"https:\/\/tomoor.be\/fr\/wp-json\/wp\/v2\/product"}],"about":[{"href":"https:\/\/tomoor.be\/fr\/wp-json\/wp\/v2\/types\/product"}],"version-history":[{"count":7,"href":"https:\/\/tomoor.be\/fr\/wp-json\/wp\/v2\/product\/1267\/revisions"}],"predecessor-version":[{"id":12963,"href":"https:\/\/tomoor.be\/fr\/wp-json\/wp\/v2\/product\/1267\/revisions\/12963"}],"wp:featuredmedia":[{"embeddable":true,"href":"https:\/\/tomoor.be\/fr\/wp-json\/wp\/v2\/media\/14478"}],"wp:attachment":[{"href":"https:\/\/tomoor.be\/fr\/wp-json\/wp\/v2\/media?parent=1267"}],"wp:term":[{"taxonomy":"product_brand","embeddable":true,"href":"https:\/\/tomoor.be\/fr\/wp-json\/wp\/v2\/product_brand?post=1267"},{"taxonomy":"product_cat","embeddable":true,"href":"https:\/\/tomoor.be\/fr\/wp-json\/wp\/v2\/product_cat?post=1267"},{"taxonomy":"product_tag","embeddable":true,"href":"https:\/\/tomoor.be\/fr\/wp-json\/wp\/v2\/product_tag?post=1267"}],"curies":[{"name":"wp","href":"https:\/\/api.w.org\/{rel}","templated":true}]}}