{"id":12209,"date":"2025-01-31T16:07:41","date_gmt":"2025-01-31T15:07:41","guid":{"rendered":"https:\/\/tomoor.be\/product\/tomoor-date-bar-45g\/"},"modified":"2026-03-13T09:51:06","modified_gmt":"2026-03-13T08:51:06","slug":"tomoor-date-bar-45g","status":"publish","type":"product","link":"https:\/\/tomoor.be\/fr\/produit\/tomoor-date-bar-45g\/","title":{"rendered":"Tomoor Date Bar 45g"},"content":{"rendered":"<p>Savourez la tradition mill\u00e9naire des dattes, transform\u00e9e en une collation moderne et pratique.<br \/>\nNos barres de dattes de 45g c\u00e9l\u00e8brent l&rsquo;h\u00e9ritage riche des dattes premium et vous apportent une saveur de nourriture pure et naturelle directement des vergers soigneusement s\u00e9lectionn\u00e9s.<\/p>\n<p><strong>Un Voyage Culinaire \u00e0 Chaque Bouch\u00e9e<\/strong><br \/>\nFabriqu\u00e9e de mani\u00e8re artisanale avec les meilleures dattes et compl\u00e9t\u00e9e par des noix de qualit\u00e9 sup\u00e9rieure, chaque barre <strong>TOMOOR<\/strong> de dattes raconte une histoire de qualit\u00e9 et de tradition. Choisissez entre nos vari\u00e9t\u00e9s <strong>Dattes &amp; Noix de Grenoble<\/strong> ou <strong>Dattes &amp; Amandes<\/strong> \u2013 chaque barre est un t\u00e9moignage d&rsquo;ingr\u00e9dients simples et purs.<\/p>\n<p><strong>Pourquoi les Barres de Dattes TOMOOR ?<\/strong><\/p>\n<ul>\n<li>Pr\u00e9par\u00e9 de mani\u00e8re authentique<\/li>\n<li>Dattes premium \u00e0 origine unique<\/li>\n<li>Pas d&rsquo;additifs artificiels<\/li>\n<li>Riche en nutriments naturels<\/li>\n<li>Emballage individuel pratique<\/li>\n<\/ul>\n<p><strong>Plus qu\u2019une simple collation<\/strong><br \/>\nParfait pour ceux qui appr\u00e9cient la bont\u00e9 naturelle des dattes, nos barres offrent une connexion authentique avec la sagesse nutritionnelle ancestrale. Que vous recherchiez un coup de boost rapide, une collation saine, ou un go\u00fbt de tradition \u2013 <strong>TOMOOR<\/strong> vous le propose.<br \/>\nGo\u00fbtez \u00e0 l&rsquo;essence pure des dattes \u2013 sans compromis, sans extras. Simplement l&rsquo;\u00e9nergie parfaite de la nature, pr\u00eate quand vous l&rsquo;\u00eates.<\/p>\n","protected":false},"excerpt":{"rendered":"<p class=\"whitespace-pre-wrap break-words\">D\u00e9couvrez nos barres de dattes \u2013 de l&rsquo;\u00e9nergie naturelle sans compromis !<\/p>\n","protected":false},"featured_media":14499,"template":"","meta":{"_acf_changed":false,"_seopress_robots_primary_cat":"none","_seopress_titles_title":"","_seopress_titles_desc":"","_seopress_robots_index":"","_seopress_analysis_target_kw":"","site-sidebar-layout":"default","site-content-layout":"","ast-site-content-layout":"default","site-content-style":"default","site-sidebar-style":"default","ast-global-header-display":"","ast-banner-title-visibility":"","ast-main-header-display":"","ast-hfb-above-header-display":"","ast-hfb-below-header-display":"","ast-hfb-mobile-header-display":"","site-post-title":"","ast-breadcrumbs-content":"","ast-featured-img":"","footer-sml-layout":"","ast-disable-related-posts":"","theme-transparent-header-meta":"default","adv-header-id-meta":"","stick-header-meta":"default","header-above-stick-meta":"","header-main-stick-meta":"","header-below-stick-meta":"","astra-migrate-meta-layouts":"set","ast-page-background-enabled":"default","ast-page-background-meta":{"desktop":{"background-color":"var(--ast-global-color-4)","background-image":"","background-repeat":"repeat","background-position":"center center","background-size":"auto","background-attachment":"scroll","background-type":"","background-media":"","overlay-type":"","overlay-color":"","overlay-opacity":"","overlay-gradient":""},"tablet":{"background-color":"","background-image":"","background-repeat":"repeat","background-position":"center center","background-size":"auto","background-attachment":"scroll","background-type":"","background-media":"","overlay-type":"","overlay-color":"","overlay-opacity":"","overlay-gradient":""},"mobile":{"background-color":"","background-image":"","background-repeat":"repeat","background-position":"center center","background-size":"auto","background-attachment":"scroll","background-type":"","background-media":"","overlay-type":"","overlay-color":"","overlay-opacity":"","overlay-gradient":""}},"ast-content-background-meta":{"desktop":{"background-color":"var(--ast-global-color-5)","background-image":"","background-repeat":"repeat","background-position":"center center","background-size":"auto","background-attachment":"scroll","background-type":"","background-media":"","overlay-type":"","overlay-color":"","overlay-opacity":"","overlay-gradient":""},"tablet":{"background-color":"var(--ast-global-color-5)","background-image":"","background-repeat":"repeat","background-position":"center center","background-size":"auto","background-attachment":"scroll","background-type":"","background-media":"","overlay-type":"","overlay-color":"","overlay-opacity":"","overlay-gradient":""},"mobile":{"background-color":"var(--ast-global-color-5)","background-image":"","background-repeat":"repeat","background-position":"center center","background-size":"auto","background-attachment":"scroll","background-type":"","background-media":"","overlay-type":"","overlay-color":"","overlay-opacity":"","overlay-gradient":""}}},"product_brand":[],"product_cat":[90],"product_tag":[],"class_list":{"0":"post-12209","1":"product","2":"type-product","3":"status-publish","4":"has-post-thumbnail","6":"product_cat-collations-aux-dattes","7":"desktop-align-left","8":"tablet-align-left","9":"mobile-align-left","10":"ast-product-gallery-layout-horizontal-slider","11":"ast-product-single-variable","12":"ast-product-tabs-layout-horizontal","13":"ast-qv-on-image","15":"first","16":"instock","17":"taxable","18":"shipping-taxable","19":"purchasable","20":"product-type-variable"},"acf":[],"_links":{"self":[{"href":"https:\/\/tomoor.be\/fr\/wp-json\/wp\/v2\/product\/12209","targetHints":{"allow":["GET"]}}],"collection":[{"href":"https:\/\/tomoor.be\/fr\/wp-json\/wp\/v2\/product"}],"about":[{"href":"https:\/\/tomoor.be\/fr\/wp-json\/wp\/v2\/types\/product"}],"version-history":[{"count":2,"href":"https:\/\/tomoor.be\/fr\/wp-json\/wp\/v2\/product\/12209\/revisions"}],"predecessor-version":[{"id":12795,"href":"https:\/\/tomoor.be\/fr\/wp-json\/wp\/v2\/product\/12209\/revisions\/12795"}],"wp:featuredmedia":[{"embeddable":true,"href":"https:\/\/tomoor.be\/fr\/wp-json\/wp\/v2\/media\/14499"}],"wp:attachment":[{"href":"https:\/\/tomoor.be\/fr\/wp-json\/wp\/v2\/media?parent=12209"}],"wp:term":[{"taxonomy":"product_brand","embeddable":true,"href":"https:\/\/tomoor.be\/fr\/wp-json\/wp\/v2\/product_brand?post=12209"},{"taxonomy":"product_cat","embeddable":true,"href":"https:\/\/tomoor.be\/fr\/wp-json\/wp\/v2\/product_cat?post=12209"},{"taxonomy":"product_tag","embeddable":true,"href":"https:\/\/tomoor.be\/fr\/wp-json\/wp\/v2\/product_tag?post=12209"}],"curies":[{"name":"wp","href":"https:\/\/api.w.org\/{rel}","templated":true}]}}