{"id":14389,"date":"2025-11-14T13:01:43","date_gmt":"2025-11-14T12:01:43","guid":{"rendered":"https:\/\/tomoor.be\/product\/sagae-datteln-500-g\/"},"modified":"2025-11-27T23:55:51","modified_gmt":"2025-11-27T22:55:51","slug":"sagae-datteln-500-g","status":"publish","type":"product","link":"https:\/\/tomoor.be\/de\/produkt\/sagae-datteln-500-g\/","title":{"rendered":"Sagae Datteln 500 g"},"content":{"rendered":"<p>Die Sagae-Datteln 500 g bringen den authentischen Geschmack des Nahen Ostens direkt auf deinen Tisch. Diese sorgf\u00e4ltig ausgew\u00e4hlten Datteln sind bekannt f\u00fcr ihren reichhaltigen, karamellartigen Geschmack, ihre zarte Textur und ihre nat\u00fcrliche S\u00fc\u00dfe.<\/p>\n<p>Ob du sie als gesunden Snack genie\u00dft, zu Tee oder Kaffee servierst oder in Desserts und Gerichten verwendest \u2013 Sagae-Datteln bieten jedes Mal eine k\u00f6stliche und nahrhafte Erfahrung.<br \/>\nSie sind reich an Ballaststoffen, Kalium und Magnesium und bilden eine hervorragende Energiequelle f\u00fcr Sportler, Studenten und alle, die bewusst essen.<\/p>\n<ul>\n<li>100 % nat\u00fcrlich<\/li>\n<li>Ohne zugesetzten Zucker<\/li>\n<li>Innen zart und saftig<\/li>\n<li>Ideal f\u00fcr den t\u00e4glichen Gebrauch<\/li>\n<\/ul>\n<p>Verpackt in einer praktischen 500-g-Box \u2014 frisch, aromatisch und bereit zum Genie\u00dfen.<\/p>\n","protected":false},"excerpt":{"rendered":"<p>Entdecke die k\u00f6stlichen Sagae-Datteln \u2013 zart, aromatisch und nat\u00fcrlich s\u00fc\u00df.<br \/>\nDiese Premium-Datteln in der 500-g-Packung sind perfekt als gesunder Snack, zum Kaffee oder zum Backen. 100 % nat\u00fcrlich, ohne zugesetzten Zucker oder Konservierungsstoffe.<\/p>\n<p><strong>Herkunft<\/strong>: Riad \u2013 Al Kharj<br \/>\n<strong>Textur<\/strong>: doppelte Textur \u2013 oben fest, unten weich<br \/>\n<strong>Geschmack<\/strong>: komplex \u2013 honigs\u00fc\u00df mit einem reichen Karamellaroma<\/p>\n","protected":false},"featured_media":14027,"template":"","meta":{"_acf_changed":false,"_seopress_robots_primary_cat":"none","_seopress_titles_title":"Sagae Datteln 500 g \u2013 Premium aus Saudi-Arabien %%sep%% %%sitetitle%%","_seopress_titles_desc":"Entdecke Sagae Datteln aus Saudi-Arabien: zart, nat\u00fcrlich s\u00fc\u00df und mit einem intensiven Karamellaroma. Doppeltextur, 100 % naturrein und ohne zugesetzten Zucker.","_seopress_robots_index":"","site-sidebar-layout":"default","site-content-layout":"","ast-site-content-layout":"default","site-content-style":"default","site-sidebar-style":"default","ast-global-header-display":"","ast-banner-title-visibility":"","ast-main-header-display":"","ast-hfb-above-header-display":"","ast-hfb-below-header-display":"","ast-hfb-mobile-header-display":"","site-post-title":"","ast-breadcrumbs-content":"","ast-featured-img":"","footer-sml-layout":"","ast-disable-related-posts":"","theme-transparent-header-meta":"default","adv-header-id-meta":"","stick-header-meta":"default","header-above-stick-meta":"","header-main-stick-meta":"","header-below-stick-meta":"","astra-migrate-meta-layouts":"set","ast-page-background-enabled":"default","ast-page-background-meta":{"desktop":{"background-color":"var(--ast-global-color-4)","background-image":"","background-repeat":"repeat","background-position":"center center","background-size":"auto","background-attachment":"scroll","background-type":"","background-media":"","overlay-type":"","overlay-color":"","overlay-opacity":"","overlay-gradient":""},"tablet":{"background-color":"","background-image":"","background-repeat":"repeat","background-position":"center center","background-size":"auto","background-attachment":"scroll","background-type":"","background-media":"","overlay-type":"","overlay-color":"","overlay-opacity":"","overlay-gradient":""},"mobile":{"background-color":"","background-image":"","background-repeat":"repeat","background-position":"center center","background-size":"auto","background-attachment":"scroll","background-type":"","background-media":"","overlay-type":"","overlay-color":"","overlay-opacity":"","overlay-gradient":""}},"ast-content-background-meta":{"desktop":{"background-color":"var(--ast-global-color-5)","background-image":"","background-repeat":"repeat","background-position":"center center","background-size":"auto","background-attachment":"scroll","background-type":"","background-media":"","overlay-type":"","overlay-color":"","overlay-opacity":"","overlay-gradient":""},"tablet":{"background-color":"var(--ast-global-color-5)","background-image":"","background-repeat":"repeat","background-position":"center center","background-size":"auto","background-attachment":"scroll","background-type":"","background-media":"","overlay-type":"","overlay-color":"","overlay-opacity":"","overlay-gradient":""},"mobile":{"background-color":"var(--ast-global-color-5)","background-image":"","background-repeat":"repeat","background-position":"center center","background-size":"auto","background-attachment":"scroll","background-type":"","background-media":"","overlay-type":"","overlay-color":"","overlay-opacity":"","overlay-gradient":""}}},"product_brand":[],"product_cat":[120],"product_tag":[],"class_list":{"0":"post-14389","1":"product","2":"type-product","3":"status-publish","4":"has-post-thumbnail","6":"product_cat-premium-datteln","7":"desktop-align-left","8":"tablet-align-left","9":"mobile-align-left","10":"ast-product-gallery-layout-horizontal-slider","11":"ast-product-tabs-layout-horizontal","12":"ast-qv-on-image","14":"first","15":"outofstock","16":"taxable","17":"shipping-taxable","18":"purchasable","19":"product-type-simple"},"acf":[],"_links":{"self":[{"href":"https:\/\/tomoor.be\/de\/wp-json\/wp\/v2\/product\/14389","targetHints":{"allow":["GET"]}}],"collection":[{"href":"https:\/\/tomoor.be\/de\/wp-json\/wp\/v2\/product"}],"about":[{"href":"https:\/\/tomoor.be\/de\/wp-json\/wp\/v2\/types\/product"}],"version-history":[{"count":2,"href":"https:\/\/tomoor.be\/de\/wp-json\/wp\/v2\/product\/14389\/revisions"}],"predecessor-version":[{"id":14391,"href":"https:\/\/tomoor.be\/de\/wp-json\/wp\/v2\/product\/14389\/revisions\/14391"}],"wp:featuredmedia":[{"embeddable":true,"href":"https:\/\/tomoor.be\/de\/wp-json\/wp\/v2\/media\/14027"}],"wp:attachment":[{"href":"https:\/\/tomoor.be\/de\/wp-json\/wp\/v2\/media?parent=14389"}],"wp:term":[{"taxonomy":"product_brand","embeddable":true,"href":"https:\/\/tomoor.be\/de\/wp-json\/wp\/v2\/product_brand?post=14389"},{"taxonomy":"product_cat","embeddable":true,"href":"https:\/\/tomoor.be\/de\/wp-json\/wp\/v2\/product_cat?post=14389"},{"taxonomy":"product_tag","embeddable":true,"href":"https:\/\/tomoor.be\/de\/wp-json\/wp\/v2\/product_tag?post=14389"}],"curies":[{"name":"wp","href":"https:\/\/api.w.org\/{rel}","templated":true}]}}