{"id":13845,"date":"2022-01-16T06:05:48","date_gmt":"2022-01-16T05:05:48","guid":{"rendered":"https:\/\/tomoor.be\/product\/dattelpulver-350-g\/"},"modified":"2026-04-03T22:35:32","modified_gmt":"2026-04-03T20:35:32","slug":"dattelpulver-350-g","status":"publish","type":"product","link":"https:\/\/tomoor.be\/de\/produkt\/dattelpulver-350-g\/","title":{"rendered":"Dattelpulver 350 g"},"content":{"rendered":"<p>Unser Dattelsucker wird ausschlie\u00dflich aus nat\u00fcrlichen Premium-Datteln hergestellt. Der Prozess besteht darin, 100 % nat\u00fcrliche Datteln zu feinem Pulver zu mahlen, das bereit ist, als Ersatz f\u00fcr wei\u00dfen und braunen Zucker verwendet zu werden. Die pulverf\u00f6rmige Form macht es zu einer gesunden Zucker-Alternative f\u00fcr Back- und Kochbed\u00fcrfnisse. Au\u00dferdem profitieren Sie von all der nat\u00fcrlichen G\u00fcte der Datteln, da f\u00fcr die Herstellung unseres Dattelzuckers ausschlie\u00dflich ganze Datteln verwendet werden. Es ist reich an Kalium, Magnesium, Kupfer und anderen Vitaminen und Mineralstoffen. Aufgrund des faserreichen Charakters von Datteln l\u00f6st sich Dattelsucker nicht sofort auf oder schmilzt.<\/p>\n<p>Dattelpulver von Tomoor ist ein perfekter Ersatz f\u00fcr raffinierten wei\u00dfen und braunen Zucker. Rein und eine gesunde 100\u202f% nat\u00fcrliche S\u00fc\u00dfe. Verwenden Sie Dattelsucker als gesunde Alternative zum Backen, Kochen, Mischen mit Fr\u00fchst\u00fcckszerealien und Joghurt oder zum Hinzuf\u00fcgen zu Mahlzeiten. Es ist m\u00f6glich, Ihren gew\u00f6hnlichen wei\u00dfen oder braunen Zucker vollst\u00e4ndig durch unseren Dattelsucker zu ersetzen.<\/p>\n<p>Verwenden Sie Dattelpulver nicht in Kaffee oder Tee, da es sich nicht sofort aufl\u00f6st und den Geschmack hei\u00dfer Getr\u00e4nke beeinflusst.<\/p>\n<p>Zusammensetzung:<\/p>\n<p>100\u202f% nat\u00fcrliche Sukkari- \/ Khalas-Datteln, fein gemahlen und ohne jegliche Zusatzstoffe.<br \/>\nEntsteinte Datteln, frei von jeglichen Verunreinigungen.<\/p>\n","protected":false},"excerpt":{"rendered":"<ul>\n<li>IDEAL ZUM BACKEN VON REZEPTEN<\/li>\n<li>NIEDRIGER GLYK\u00c4MISCHER INDEX 46 BIS 55<\/li>\n<li>FEINE TEXTUR<\/li>\n<li>GESUNDE ALTERNATIVE ZU ZUCKER<strong><br \/>\n<\/strong><\/li>\n<li>VERPACKT IN NACHHALTIGER VERPACKUNG<\/li>\n<\/ul>\n<p>&nbsp;<\/p>\n","protected":false},"featured_media":13847,"template":"","meta":{"_acf_changed":false,"_seopress_robots_primary_cat":"none","_seopress_titles_title":"","_seopress_titles_desc":"","_seopress_robots_index":"","_seopress_analysis_target_kw":"","site-sidebar-layout":"default","site-content-layout":"default","ast-site-content-layout":"default","site-content-style":"default","site-sidebar-style":"default","ast-global-header-display":"","ast-banner-title-visibility":"","ast-main-header-display":"","ast-hfb-above-header-display":"","ast-hfb-below-header-display":"","ast-hfb-mobile-header-display":"","site-post-title":"","ast-breadcrumbs-content":"","ast-featured-img":"","footer-sml-layout":"","ast-disable-related-posts":"","theme-transparent-header-meta":"default","adv-header-id-meta":"","stick-header-meta":"default","header-above-stick-meta":"","header-main-stick-meta":"","header-below-stick-meta":"","astra-migrate-meta-layouts":"default","ast-page-background-enabled":"default","ast-page-background-meta":{"desktop":{"background-color":"var(--ast-global-color-4)","background-image":"","background-repeat":"repeat","background-position":"center center","background-size":"auto","background-attachment":"scroll","background-type":"","background-media":"","overlay-type":"","overlay-color":"","overlay-opacity":"","overlay-gradient":""},"tablet":{"background-color":"","background-image":"","background-repeat":"repeat","background-position":"center center","background-size":"auto","background-attachment":"scroll","background-type":"","background-media":"","overlay-type":"","overlay-color":"","overlay-opacity":"","overlay-gradient":""},"mobile":{"background-color":"","background-image":"","background-repeat":"repeat","background-position":"center center","background-size":"auto","background-attachment":"scroll","background-type":"","background-media":"","overlay-type":"","overlay-color":"","overlay-opacity":"","overlay-gradient":""}},"ast-content-background-meta":{"desktop":{"background-color":"var(--ast-global-color-5)","background-image":"","background-repeat":"repeat","background-position":"center center","background-size":"auto","background-attachment":"scroll","background-type":"","background-media":"","overlay-type":"","overlay-color":"","overlay-opacity":"","overlay-gradient":""},"tablet":{"background-color":"var(--ast-global-color-5)","background-image":"","background-repeat":"repeat","background-position":"center center","background-size":"auto","background-attachment":"scroll","background-type":"","background-media":"","overlay-type":"","overlay-color":"","overlay-opacity":"","overlay-gradient":""},"mobile":{"background-color":"var(--ast-global-color-5)","background-image":"","background-repeat":"repeat","background-position":"center center","background-size":"auto","background-attachment":"scroll","background-type":"","background-media":"","overlay-type":"","overlay-color":"","overlay-opacity":"","overlay-gradient":""}}},"product_brand":[],"product_cat":[128],"product_tag":[123],"class_list":{"0":"post-13845","1":"product","2":"type-product","3":"status-publish","4":"has-post-thumbnail","6":"product_cat-dattelprodukte","7":"product_tag-de","8":"desktop-align-left","9":"tablet-align-left","10":"mobile-align-left","11":"ast-product-gallery-layout-horizontal-slider","12":"ast-product-gallery-with-no-image","13":"ast-product-tabs-layout-horizontal","14":"ast-qv-on-image","16":"first","17":"instock","18":"taxable","19":"shipping-taxable","20":"purchasable","21":"product-type-simple"},"acf":[],"_links":{"self":[{"href":"https:\/\/tomoor.be\/de\/wp-json\/wp\/v2\/product\/13845","targetHints":{"allow":["GET"]}}],"collection":[{"href":"https:\/\/tomoor.be\/de\/wp-json\/wp\/v2\/product"}],"about":[{"href":"https:\/\/tomoor.be\/de\/wp-json\/wp\/v2\/types\/product"}],"version-history":[{"count":0,"href":"https:\/\/tomoor.be\/de\/wp-json\/wp\/v2\/product\/13845\/revisions"}],"wp:featuredmedia":[{"embeddable":true,"href":"https:\/\/tomoor.be\/de\/wp-json\/wp\/v2\/media\/13847"}],"wp:attachment":[{"href":"https:\/\/tomoor.be\/de\/wp-json\/wp\/v2\/media?parent=13845"}],"wp:term":[{"taxonomy":"product_brand","embeddable":true,"href":"https:\/\/tomoor.be\/de\/wp-json\/wp\/v2\/product_brand?post=13845"},{"taxonomy":"product_cat","embeddable":true,"href":"https:\/\/tomoor.be\/de\/wp-json\/wp\/v2\/product_cat?post=13845"},{"taxonomy":"product_tag","embeddable":true,"href":"https:\/\/tomoor.be\/de\/wp-json\/wp\/v2\/product_tag?post=13845"}],"curies":[{"name":"wp","href":"https:\/\/api.w.org\/{rel}","templated":true}]}}