{"id":13741,"date":"2024-10-07T15:43:56","date_gmt":"2024-10-07T13:43:56","guid":{"rendered":"https:\/\/tomoor.be\/product\/dattelstueckchen-350g\/"},"modified":"2025-09-24T21:13:57","modified_gmt":"2025-09-24T19:13:57","slug":"dattelstueckchen-350g","status":"publish","type":"product","link":"https:\/\/tomoor.be\/de\/produkt\/dattelstueckchen-350g\/","title":{"rendered":"Dattelst\u00fcckchen (350g)"},"content":{"rendered":"<p>Unsere <strong>gehackten Datteln<\/strong> (350g) bestehen aus hochwertigen, entsteinten Datteln und sind leicht mit Reismehl best\u00e4ubt, um ein Verkleben zu verhindern. Ohne Zus\u00e4tze sind sie ein nat\u00fcrliches Superfood, reich an Ballaststoffen \u2013 perfekt als Snack oder zum Backen. Verpackt in einem benutzerfreundlichen, wiederverschlie\u00dfbaren und nachhaltigen Doypack bieten diese gehackten Datteln eine k\u00f6stliche und umweltfreundliche Wahl. Genie\u00dfe die nat\u00fcrliche S\u00fc\u00dfe und trage mit diesem nachhaltigen Produkt zu einem ges\u00fcnderen Lebensstil bei.   <\/p>\n","protected":false},"excerpt":{"rendered":"<ul>\n<li>Gehackte Datteln<\/li>\n<li>350 g<\/li>\n<\/ul>\n","protected":false},"featured_media":13742,"template":"","meta":{"_acf_changed":false,"_seopress_robots_primary_cat":"none","_seopress_titles_title":"","_seopress_titles_desc":"","_seopress_robots_index":"","site-sidebar-layout":"default","site-content-layout":"","ast-site-content-layout":"default","site-content-style":"default","site-sidebar-style":"default","ast-global-header-display":"","ast-banner-title-visibility":"","ast-main-header-display":"","ast-hfb-above-header-display":"","ast-hfb-below-header-display":"","ast-hfb-mobile-header-display":"","site-post-title":"","ast-breadcrumbs-content":"","ast-featured-img":"","footer-sml-layout":"","ast-disable-related-posts":"","theme-transparent-header-meta":"default","adv-header-id-meta":"","stick-header-meta":"default","header-above-stick-meta":"","header-main-stick-meta":"","header-below-stick-meta":"","astra-migrate-meta-layouts":"default","ast-page-background-enabled":"default","ast-page-background-meta":{"desktop":{"background-color":"var(--ast-global-color-4)","background-image":"","background-repeat":"repeat","background-position":"center center","background-size":"auto","background-attachment":"scroll","background-type":"","background-media":"","overlay-type":"","overlay-color":"","overlay-opacity":"","overlay-gradient":""},"tablet":{"background-color":"","background-image":"","background-repeat":"repeat","background-position":"center center","background-size":"auto","background-attachment":"scroll","background-type":"","background-media":"","overlay-type":"","overlay-color":"","overlay-opacity":"","overlay-gradient":""},"mobile":{"background-color":"","background-image":"","background-repeat":"repeat","background-position":"center center","background-size":"auto","background-attachment":"scroll","background-type":"","background-media":"","overlay-type":"","overlay-color":"","overlay-opacity":"","overlay-gradient":""}},"ast-content-background-meta":{"desktop":{"background-color":"var(--ast-global-color-5)","background-image":"","background-repeat":"repeat","background-position":"center center","background-size":"auto","background-attachment":"scroll","background-type":"","background-media":"","overlay-type":"","overlay-color":"","overlay-opacity":"","overlay-gradient":""},"tablet":{"background-color":"var(--ast-global-color-5)","background-image":"","background-repeat":"repeat","background-position":"center center","background-size":"auto","background-attachment":"scroll","background-type":"","background-media":"","overlay-type":"","overlay-color":"","overlay-opacity":"","overlay-gradient":""},"mobile":{"background-color":"var(--ast-global-color-5)","background-image":"","background-repeat":"repeat","background-position":"center center","background-size":"auto","background-attachment":"scroll","background-type":"","background-media":"","overlay-type":"","overlay-color":"","overlay-opacity":"","overlay-gradient":""}}},"product_brand":[],"product_cat":[128],"product_tag":[123],"class_list":{"0":"post-13741","1":"product","2":"type-product","3":"status-publish","4":"has-post-thumbnail","6":"product_cat-dattelprodukte","7":"product_tag-de","8":"desktop-align-left","9":"tablet-align-left","10":"mobile-align-left","11":"ast-product-gallery-layout-horizontal-slider","12":"ast-product-gallery-with-no-image","13":"ast-product-tabs-layout-horizontal","14":"ast-qv-on-image","16":"first","17":"instock","18":"taxable","19":"shipping-taxable","20":"purchasable","21":"product-type-simple"},"acf":[],"_links":{"self":[{"href":"https:\/\/tomoor.be\/de\/wp-json\/wp\/v2\/product\/13741","targetHints":{"allow":["GET"]}}],"collection":[{"href":"https:\/\/tomoor.be\/de\/wp-json\/wp\/v2\/product"}],"about":[{"href":"https:\/\/tomoor.be\/de\/wp-json\/wp\/v2\/types\/product"}],"version-history":[{"count":0,"href":"https:\/\/tomoor.be\/de\/wp-json\/wp\/v2\/product\/13741\/revisions"}],"wp:featuredmedia":[{"embeddable":true,"href":"https:\/\/tomoor.be\/de\/wp-json\/wp\/v2\/media\/13742"}],"wp:attachment":[{"href":"https:\/\/tomoor.be\/de\/wp-json\/wp\/v2\/media?parent=13741"}],"wp:term":[{"taxonomy":"product_brand","embeddable":true,"href":"https:\/\/tomoor.be\/de\/wp-json\/wp\/v2\/product_brand?post=13741"},{"taxonomy":"product_cat","embeddable":true,"href":"https:\/\/tomoor.be\/de\/wp-json\/wp\/v2\/product_cat?post=13741"},{"taxonomy":"product_tag","embeddable":true,"href":"https:\/\/tomoor.be\/de\/wp-json\/wp\/v2\/product_tag?post=13741"}],"curies":[{"name":"wp","href":"https:\/\/api.w.org\/{rel}","templated":true}]}}