{"id":13723,"date":"2022-05-16T13:01:21","date_gmt":"2022-05-16T11:01:21","guid":{"rendered":"https:\/\/tomoor.be\/product\/medjoul-datteln-5kg-jumbo\/"},"modified":"2026-04-03T22:35:32","modified_gmt":"2026-04-03T20:35:32","slug":"medjoul-datteln-5kg-jumbo","status":"publish","type":"product","link":"https:\/\/tomoor.be\/de\/produkt\/medjoul-datteln-5kg-jumbo\/","title":{"rendered":"Medjoul Datteln 5kg (Jumbo)"},"content":{"rendered":"<h3>Geschichte der Medjoul-Datteln<\/h3>\n<p>Die Medjoul-Dattel, auch bekannt als Medjool oder Majhool, ist eine gro\u00dfe, s\u00fc\u00dfe Dattelsorte (Phoenix dactylifera) aus der Tafilalt-Region in Marokko.<br \/>\nHeute wird die Medjoul-Dattel in L\u00e4ndern wie den USA, Israel, Saudi-Arabien, S\u00fcdafrika, Jordanien, Pal\u00e4stina und Mexiko angebaut \u2013 sowohl zur Ernte als auch als dekorative Pflanze in Landschaftsgestaltungen.<br \/>\nDie Medjool ist eine einzigartige Sorte, beschrieben als \u201egro\u00dfe, weiche Frucht mit orangegelbem Fruchtfleisch und einem reichen, angenehmen Geschmack\u201c.<br \/>\nDie Einf\u00fchrung der Medjoul-Dattel in die westliche Welt begann in den 1920er-Jahren, als eine Krankheit die Dattelpalmen in den Oasen S\u00fcdmarokkos beinahe ausl\u00f6schte. Um die kostbare Frucht vor dem Aussterben zu retten, wurden elf Dattelpalmen in die Vereinigten Staaten gebracht. Neun dieser Palmen \u00fcberlebten \u2013 sie sind heute Ursprung der Millionen Medjoul-Datteln, die in Kalifornien, Arizona und weltweit geerntet werden. <\/p>\n<div id=\"ConnectiveDocSignExtentionInstalled\" data-extension-version=\"1.0.4\"><\/div>\n","protected":false},"excerpt":{"rendered":"<ul>\n<li>5 kg<\/li>\n<li>Premiumqualit\u00e4t Medjoul-Datteln<\/li>\n<li>Hergestellt und verpackt in Pal\u00e4stina<\/li>\n<li>Verantwortungsvoll &amp; nachhaltig produziert<\/li>\n<li>100\u202f% nat\u00fcrlich \u2013 ohne jegliche Zusatzstoffe<\/li>\n<li>Reich an Ballaststoffen und Mineralstoffen<\/li>\n<li>Weiche Textur mit s\u00fc\u00dfem Honiggeschmack<\/li>\n<\/ul>\n<div id=\"ConnectiveDocSignExtentionInstalled\" data-extension-version=\"1.0.4\"><\/div>\n","protected":false},"featured_media":13726,"template":"","meta":{"_acf_changed":false,"_seopress_robots_primary_cat":"none","_seopress_titles_title":"","_seopress_titles_desc":"","_seopress_robots_index":"","site-sidebar-layout":"default","site-content-layout":"default","ast-site-content-layout":"default","site-content-style":"default","site-sidebar-style":"default","ast-global-header-display":"","ast-banner-title-visibility":"","ast-main-header-display":"","ast-hfb-above-header-display":"","ast-hfb-below-header-display":"","ast-hfb-mobile-header-display":"","site-post-title":"","ast-breadcrumbs-content":"","ast-featured-img":"","footer-sml-layout":"","ast-disable-related-posts":"","theme-transparent-header-meta":"default","adv-header-id-meta":"","stick-header-meta":"default","header-above-stick-meta":"","header-main-stick-meta":"","header-below-stick-meta":"","astra-migrate-meta-layouts":"default","ast-page-background-enabled":"default","ast-page-background-meta":{"desktop":{"background-color":"var(--ast-global-color-4)","background-image":"","background-repeat":"repeat","background-position":"center center","background-size":"auto","background-attachment":"scroll","background-type":"","background-media":"","overlay-type":"","overlay-color":"","overlay-opacity":"","overlay-gradient":""},"tablet":{"background-color":"","background-image":"","background-repeat":"repeat","background-position":"center center","background-size":"auto","background-attachment":"scroll","background-type":"","background-media":"","overlay-type":"","overlay-color":"","overlay-opacity":"","overlay-gradient":""},"mobile":{"background-color":"","background-image":"","background-repeat":"repeat","background-position":"center center","background-size":"auto","background-attachment":"scroll","background-type":"","background-media":"","overlay-type":"","overlay-color":"","overlay-opacity":"","overlay-gradient":""}},"ast-content-background-meta":{"desktop":{"background-color":"var(--ast-global-color-5)","background-image":"","background-repeat":"repeat","background-position":"center center","background-size":"auto","background-attachment":"scroll","background-type":"","background-media":"","overlay-type":"","overlay-color":"","overlay-opacity":"","overlay-gradient":""},"tablet":{"background-color":"var(--ast-global-color-5)","background-image":"","background-repeat":"repeat","background-position":"center center","background-size":"auto","background-attachment":"scroll","background-type":"","background-media":"","overlay-type":"","overlay-color":"","overlay-opacity":"","overlay-gradient":""},"mobile":{"background-color":"var(--ast-global-color-5)","background-image":"","background-repeat":"repeat","background-position":"center center","background-size":"auto","background-attachment":"scroll","background-type":"","background-media":"","overlay-type":"","overlay-color":"","overlay-opacity":"","overlay-gradient":""}}},"product_brand":[],"product_cat":[121,122,120],"product_tag":[123,125],"class_list":{"0":"post-13723","1":"product","2":"type-product","3":"status-publish","4":"has-post-thumbnail","6":"product_cat-medjoul-datteln","7":"product_cat-palastinensische-medjoul-datteln","8":"product_cat-premium-datteln","9":"product_tag-de","10":"product_tag-medjoul-de","11":"desktop-align-left","12":"tablet-align-left","13":"mobile-align-left","14":"ast-product-gallery-layout-horizontal-slider","15":"ast-product-tabs-layout-horizontal","16":"ast-qv-on-image","18":"first","19":"instock","20":"taxable","21":"shipping-taxable","22":"purchasable","23":"product-type-simple"},"acf":[],"_links":{"self":[{"href":"https:\/\/tomoor.be\/de\/wp-json\/wp\/v2\/product\/13723","targetHints":{"allow":["GET"]}}],"collection":[{"href":"https:\/\/tomoor.be\/de\/wp-json\/wp\/v2\/product"}],"about":[{"href":"https:\/\/tomoor.be\/de\/wp-json\/wp\/v2\/types\/product"}],"version-history":[{"count":0,"href":"https:\/\/tomoor.be\/de\/wp-json\/wp\/v2\/product\/13723\/revisions"}],"wp:featuredmedia":[{"embeddable":true,"href":"https:\/\/tomoor.be\/de\/wp-json\/wp\/v2\/media\/13726"}],"wp:attachment":[{"href":"https:\/\/tomoor.be\/de\/wp-json\/wp\/v2\/media?parent=13723"}],"wp:term":[{"taxonomy":"product_brand","embeddable":true,"href":"https:\/\/tomoor.be\/de\/wp-json\/wp\/v2\/product_brand?post=13723"},{"taxonomy":"product_cat","embeddable":true,"href":"https:\/\/tomoor.be\/de\/wp-json\/wp\/v2\/product_cat?post=13723"},{"taxonomy":"product_tag","embeddable":true,"href":"https:\/\/tomoor.be\/de\/wp-json\/wp\/v2\/product_tag?post=13723"}],"curies":[{"name":"wp","href":"https:\/\/api.w.org\/{rel}","templated":true}]}}