{"id":13918,"date":"2025-10-05T15:39:10","date_gmt":"2025-10-05T13:39:10","guid":{"rendered":"https:\/\/tomoor.be\/?page_id=13918"},"modified":"2025-10-05T15:39:11","modified_gmt":"2025-10-05T13:39:11","slug":"ruecksendungen","status":"publish","type":"page","link":"https:\/\/tomoor.be\/de\/ruecksendungen\/","title":{"rendered":"R\u00fccksendungen"},"content":{"rendered":"\n<h2 class=\"wp-block-heading\">R\u00fccksendungen<\/h2>\n\n\n\n<h3 class=\"wp-block-heading\">Widerrufsrecht<\/h3>\n\n\n\n<p><strong>Kann ich meine Bestellung immer zur\u00fccksenden?<\/strong><\/p>\n\n\n\n<p>Wenn ein Produkt nicht ganz Ihren Erwartungen entspricht, k\u00f6nnen Sie es innerhalb von 14 Tagen in der Originalverpackung und in neuem Zustand zur\u00fccksenden, <strong>sofern die Verpackung nicht ge\u00f6ffnet wurde<\/strong>.<\/p>\n\n\n\n<p>Um das Widerrufsrecht auszu\u00fcben, m\u00fcssen Sie uns mittels einer eindeutigen Erkl\u00e4rung (z. B. schriftlich per Post, Fax oder E-Mail) \u00fcber Ihre Entscheidung informieren, den Vertrag zu widerrufen. Sie k\u00f6nnen hierf\u00fcr das <strong>\u201eMuster-Widerrufsformular\u201c<\/strong> am Ende dieser Seite verwenden, sind dazu jedoch nicht verpflichtet. Zur Wahrung der Widerrufsfrist reicht es aus, dass Sie die Mitteilung \u00fcber die Aus\u00fcbung Ihres Widerrufsrechts absenden, bevor die Widerrufsfrist abl\u00e4uft.<\/p>\n\n\n\n<p>Senden Sie den Artikel in einer ausreichend frankierten Verpackung unter Angabe Ihrer Daten (Name, Telefonnummer und E-Mail-Adresse) zur\u00fcck an:<\/p>\n\n\n\n<p><strong>TOMOOR<br>Vakenderveld 9-9<br>2500 Lier<br>Belgien<\/strong><\/p>\n\n\n\n<p>Sobald die Artikel ordnungsgem\u00e4\u00df bei uns eingegangen sind, erstatten wir Ihnen alle Zahlungen, die Sie bis zu diesem Zeitpunkt geleistet haben, einschlie\u00dflich der Lieferkosten (mit Ausnahme eventueller zus\u00e4tzlicher Kosten, die sich daraus ergeben, dass Sie eine andere Art der Lieferung als die von uns angebotene g\u00fcnstigste Standardlieferung gew\u00e4hlt haben), <strong>unverz\u00fcglich und sp\u00e4testens innerhalb von 14 Tagen<\/strong>, nachdem wir \u00fcber Ihre Entscheidung zum Widerruf informiert wurden.<\/p>\n\n\n\n<p>Die R\u00fcckzahlung erfolgt mit demselben Zahlungsmittel, das Sie bei der urspr\u00fcnglichen Transaktion verwendet haben, es sei denn, es wurde ausdr\u00fccklich etwas anderes vereinbart; in keinem Fall werden Ihnen f\u00fcr diese R\u00fcckzahlung Geb\u00fchren berechnet.<\/p>\n\n\n\n<p><strong>Ausnahmen vom Widerrufsrecht<\/strong><br>Vom Widerrufsrecht ausgeschlossen ist der Kauf durch Verbraucher, der die Lieferung von betrifft:<br>\u2013 Produkten, die schnell verderben oder eine begrenzte Haltbarkeit haben.<\/p>\n","protected":false},"excerpt":{"rendered":"<p>R\u00fccksendungen Widerrufsrecht Kann ich meine Bestellung immer zur\u00fccksenden? Wenn ein Produkt nicht ganz Ihren Erwartungen entspricht, k\u00f6nnen Sie es innerhalb von 14 Tagen in der Originalverpackung und in neuem Zustand zur\u00fccksenden, sofern die Verpackung nicht ge\u00f6ffnet wurde. Um das Widerrufsrecht auszu\u00fcben, m\u00fcssen Sie uns mittels einer eindeutigen Erkl\u00e4rung (z. B. schriftlich per Post, Fax oder [&hellip;]<\/p>\n","protected":false},"author":6579,"featured_media":0,"parent":0,"menu_order":0,"comment_status":"closed","ping_status":"closed","template":"","meta":{"_acf_changed":false,"_seopress_robots_primary_cat":"","_seopress_titles_title":"","_seopress_titles_desc":"","_seopress_robots_index":"","site-sidebar-layout":"no-sidebar","site-content-layout":"page-builder","ast-site-content-layout":"default","site-content-style":"default","site-sidebar-style":"default","ast-global-header-display":"","ast-banner-title-visibility":"","ast-main-header-display":"","ast-hfb-above-header-display":"","ast-hfb-below-header-display":"","ast-hfb-mobile-header-display":"","site-post-title":"disabled","ast-breadcrumbs-content":"","ast-featured-img":"disabled","footer-sml-layout":"","ast-disable-related-posts":"","theme-transparent-header-meta":"","adv-header-id-meta":"","stick-header-meta":"","header-above-stick-meta":"","header-main-stick-meta":"","header-below-stick-meta":"","astra-migrate-meta-layouts":"set","ast-page-background-enabled":"default","ast-page-background-meta":{"desktop":{"background-color":"var(--ast-global-color-4)","background-image":"","background-repeat":"repeat","background-position":"center center","background-size":"auto","background-attachment":"scroll","background-type":"","background-media":"","overlay-type":"","overlay-color":"","overlay-opacity":"","overlay-gradient":""},"tablet":{"background-color":"","background-image":"","background-repeat":"repeat","background-position":"center center","background-size":"auto","background-attachment":"scroll","background-type":"","background-media":"","overlay-type":"","overlay-color":"","overlay-opacity":"","overlay-gradient":""},"mobile":{"background-color":"","background-image":"","background-repeat":"repeat","background-position":"center center","background-size":"auto","background-attachment":"scroll","background-type":"","background-media":"","overlay-type":"","overlay-color":"","overlay-opacity":"","overlay-gradient":""}},"ast-content-background-meta":{"desktop":{"background-color":"var(--ast-global-color-5)","background-image":"","background-repeat":"repeat","background-position":"center center","background-size":"auto","background-attachment":"scroll","background-type":"","background-media":"","overlay-type":"","overlay-color":"","overlay-opacity":"","overlay-gradient":""},"tablet":{"background-color":"var(--ast-global-color-5)","background-image":"","background-repeat":"repeat","background-position":"center center","background-size":"auto","background-attachment":"scroll","background-type":"","background-media":"","overlay-type":"","overlay-color":"","overlay-opacity":"","overlay-gradient":""},"mobile":{"background-color":"var(--ast-global-color-5)","background-image":"","background-repeat":"repeat","background-position":"center center","background-size":"auto","background-attachment":"scroll","background-type":"","background-media":"","overlay-type":"","overlay-color":"","overlay-opacity":"","overlay-gradient":""}},"footnotes":""},"class_list":["post-13918","page","type-page","status-publish","hentry"],"acf":[],"_links":{"self":[{"href":"https:\/\/tomoor.be\/de\/wp-json\/wp\/v2\/pages\/13918","targetHints":{"allow":["GET"]}}],"collection":[{"href":"https:\/\/tomoor.be\/de\/wp-json\/wp\/v2\/pages"}],"about":[{"href":"https:\/\/tomoor.be\/de\/wp-json\/wp\/v2\/types\/page"}],"author":[{"embeddable":true,"href":"https:\/\/tomoor.be\/de\/wp-json\/wp\/v2\/users\/6579"}],"replies":[{"embeddable":true,"href":"https:\/\/tomoor.be\/de\/wp-json\/wp\/v2\/comments?post=13918"}],"version-history":[{"count":2,"href":"https:\/\/tomoor.be\/de\/wp-json\/wp\/v2\/pages\/13918\/revisions"}],"predecessor-version":[{"id":13922,"href":"https:\/\/tomoor.be\/de\/wp-json\/wp\/v2\/pages\/13918\/revisions\/13922"}],"wp:attachment":[{"href":"https:\/\/tomoor.be\/de\/wp-json\/wp\/v2\/media?parent=13918"}],"curies":[{"name":"wp","href":"https:\/\/api.w.org\/{rel}","templated":true}]}}